{"id":82,"date":"2025-01-21T07:20:19","date_gmt":"2025-01-21T06:20:19","guid":{"rendered":"https:\/\/gruschina.at\/?page_id=82"},"modified":"2025-01-21T07:20:19","modified_gmt":"2025-01-21T06:20:19","slug":"leistungen","status":"publish","type":"page","link":"https:\/\/gruschina.at\/?page_id=82","title":{"rendered":"Leistungen"},"content":{"rendered":"\n<h4 class=\"wp-block-heading\">Leistungsportfolio<\/h4>\n\n\n\n<p>Wir bieten eine breite Palette an Dienstleistungen, darunter:<\/p>\n\n\n\n<ul class=\"wp-block-list\">\n<li><strong>Sonder- und Schwertransporte<\/strong>: Tragf\u00e4higkeiten bis zu 120 Tonnen sowie Ein- und Ausbringung in allen Gr\u00f6\u00dfen.<\/li>\n\n\n\n<li><strong>Langschienentransporte<\/strong>: Spezielle Eisenbahntransporte auf der Stra\u00dfe mit einer L\u00e4nge von bis zu 120 Metern.<\/li>\n\n\n\n<li><strong>Transport von Schienenfahrzeugen<\/strong>: Lokomotiven, Waggons und das Verlegen von Gleistragplatten.<\/li>\n\n\n\n<li><strong>Vermietung von Spezialfahrzeugen<\/strong>: Turmdrehkrane, Lagerfl\u00e4chen und mehr.<\/li>\n\n\n\n<li><strong>Tunnel- und Stra\u00dfenbauarbeiten<\/strong>: Tunnelreinigung, Hebearbeiten und weitere spezialisierte T\u00e4tigkeiten.<\/li>\n<\/ul>\n\n\n\n<p>Mit einem klaren Fokus auf Qualit\u00e4t, Pr\u00e4zision und Zuverl\u00e4ssigkeit bleibt die Gruschina Transport- &amp; Vermietungs GmbH ein starker Partner f\u00fcr anspruchsvolle Projekte in den Bereichen Transport, Kranarbeiten und Spezialdienstleistungen.<\/p>\n\n\n\n<p><\/p>\n","protected":false},"excerpt":{"rendered":"<p>Leistungsportfolio Wir bieten eine breite Palette an Dienstleistungen, darunter: Mit einem klaren Fokus auf Qualit\u00e4t, Pr\u00e4zision und Zuverl\u00e4ssigkeit bleibt die Gruschina Transport- &amp; Vermietungs GmbH ein starker Partner f\u00fcr anspruchsvolle Projekte in den Bereichen Transport, Kranarbeiten und Spezialdienstleistungen.<\/p>\n","protected":false},"author":1,"featured_media":0,"parent":0,"menu_order":0,"comment_status":"closed","ping_status":"closed","template":"","meta":{"_themeisle_gutenberg_block_has_review":false,"footnotes":""},"class_list":["post-82","page","type-page","status-publish","hentry"],"_links":{"self":[{"href":"https:\/\/gruschina.at\/index.php?rest_route=\/wp\/v2\/pages\/82","targetHints":{"allow":["GET"]}}],"collection":[{"href":"https:\/\/gruschina.at\/index.php?rest_route=\/wp\/v2\/pages"}],"about":[{"href":"https:\/\/gruschina.at\/index.php?rest_route=\/wp\/v2\/types\/page"}],"author":[{"embeddable":true,"href":"https:\/\/gruschina.at\/index.php?rest_route=\/wp\/v2\/users\/1"}],"replies":[{"embeddable":true,"href":"https:\/\/gruschina.at\/index.php?rest_route=%2Fwp%2Fv2%2Fcomments&post=82"}],"version-history":[{"count":1,"href":"https:\/\/gruschina.at\/index.php?rest_route=\/wp\/v2\/pages\/82\/revisions"}],"predecessor-version":[{"id":84,"href":"https:\/\/gruschina.at\/index.php?rest_route=\/wp\/v2\/pages\/82\/revisions\/84"}],"wp:attachment":[{"href":"https:\/\/gruschina.at\/index.php?rest_route=%2Fwp%2Fv2%2Fmedia&parent=82"}],"curies":[{"name":"wp","href":"https:\/\/api.w.org\/{rel}","templated":true}]}}